{"id":3250,"date":"2024-10-01T13:03:53","date_gmt":"2024-10-01T13:03:53","guid":{"rendered":"http:\/\/Ascom"},"modified":"2024-10-01T13:03:53","modified_gmt":"2024-10-01T13:03:53","slug":"diretorias-da-reitoria","status":"publish","type":"page","link":"https:\/\/portal1.uenf.br\/portal\/institucional\/diretorias-da-reitoria\/","title":{"rendered":"Diretorias da Reitoria"},"content":{"rendered":"<h2 class=\"title_article\">Diretorias Executivas<\/h2>\n<p><strong><a title=\"P\u00e1gina da Diretoria Geral Administrativa da Uenf\" href=\"http:\/\/www.uenf.br\/dga\/\" target=\"_blank\" rel=\"noopener noreferrer\">Diretoria Geral de Administra\u00e7\u00e3o<\/a><\/strong> &#8211; respons\u00e1vel pelo planejamento, organiza\u00e7\u00e3o, integra\u00e7\u00e3o e coordena\u00e7\u00e3o das atividades patrimoniais, administrativas, financeiras, or\u00e7ament\u00e1rias e de recursos humanos da UENF.<\/p>\n<p><strong><a title=\"Site da Ag\u00eancia UENF de Inova\u00e7\u00e3o\" href=\"http:\/\/www.uenf.br\/reitoria\/agenciainovacao\/\" target=\"_blank\" rel=\"noopener noreferrer\">Ag\u00eancia UENF de Inova\u00e7\u00e3o<\/a><\/strong> &#8211; tem a miss\u00e3o de fomentar e administrar recursos n\u00e3o-or\u00e7ament\u00e1rios captados pela Universidade; estabelecer acordos e conv\u00eanios com institui\u00e7\u00f5es p\u00fablicas ou privadas; atuar como intermediador e facilitador entre professores, Laborat\u00f3rios e Centros da UENF e as institui\u00e7\u00f5es e empresas externas, de forma a permitir a efetiva\u00e7\u00e3o de projetos de pesquisa e extens\u00e3o, entre outras.<\/p>\n<p><a title=\"Prefeitura da UENF\" href=\"http:\/\/www.uenf.br\/prefeitura\/\" target=\"_blank\" rel=\"noopener noreferrer\"><strong>Prefeitura da UENF<\/strong><\/a> &#8211; respons\u00e1vel pelo desenvolvimento de a\u00e7\u00f5es para o planejamento, opera\u00e7\u00e3o e controle da estrutura f\u00edsica, relacionadas \u00e0s atividades de manuten\u00e7\u00e3o, zeladoria, transportes e projetos de engenharia da UENF.<\/p>\n<p><strong><a title=\"Diretoria de Informa\u00e7\u00e3o e Comunica\u00e7\u00e3o (DIC)\" href=\"http:\/\/www.uenf.br\/dic\/\" target=\"_blank\" rel=\"noopener noreferrer\">Diretoria de Informa\u00e7\u00e3o e Comunica\u00e7\u00e3o <\/a><\/strong> &#8211; tem como objetivo principal atuar como organismo proponente e gestor das pol\u00edticas de Tecnologia da Informa\u00e7\u00e3o e Comunica\u00e7\u00e3o da UENF.<\/p>\n<p><a href=\"http:\/\/uenf.br\/reitoria\/ascom\/nova-pagina\/\"><strong>Assessoria de Comunica\u00e7\u00e3o<\/strong><\/a> &#8211; A ASCOM \u00e9 respons\u00e1vel pela media\u00e7\u00e3o entre a UENF, ve\u00edculos de comunica\u00e7\u00e3o e a sociedade, divulgando assuntos cient\u00edficos, tecnol\u00f3gicos, culturais e institucionais.<\/p>\n","protected":false},"excerpt":{"rendered":"<p>Diretorias Executivas Diretoria Geral de Administra\u00e7\u00e3o &#8211; respons\u00e1vel pelo planejamento, organiza\u00e7\u00e3o, integra\u00e7\u00e3o e coordena\u00e7\u00e3o das atividades patrimoniais, administrativas, financeiras, or\u00e7ament\u00e1rias e de recursos humanos da UENF. Ag\u00eancia UENF de Inova\u00e7\u00e3o &#8211; tem a miss\u00e3o de fomentar e administrar recursos n\u00e3o-or\u00e7ament\u00e1rios captados pela Universidade; estabelecer acordos e conv\u00eanios com institui\u00e7\u00f5es p\u00fablicas ou privadas; atuar como intermediador [&hellip;]<\/p>\n","protected":false},"author":1,"featured_media":0,"parent":3247,"menu_order":0,"comment_status":"closed","ping_status":"closed","template":"","meta":{"_eb_attr":"","ocean_post_layout":"","ocean_both_sidebars_style":"","ocean_both_sidebars_content_width":0,"ocean_both_sidebars_sidebars_width":0,"ocean_sidebar":"0","ocean_second_sidebar":"0","ocean_disable_margins":"enable","ocean_add_body_class":"","ocean_shortcode_before_top_bar":"","ocean_shortcode_after_top_bar":"","ocean_shortcode_before_header":"","ocean_shortcode_after_header":"","ocean_has_shortcode":"","ocean_shortcode_after_title":"","ocean_shortcode_before_footer_widgets":"","ocean_shortcode_after_footer_widgets":"","ocean_shortcode_before_footer_bottom":"","ocean_shortcode_after_footer_bottom":"","ocean_display_top_bar":"default","ocean_display_header":"default","ocean_header_style":"","ocean_center_header_left_menu":"0","ocean_custom_header_template":"0","ocean_custom_logo":0,"ocean_custom_retina_logo":0,"ocean_custom_logo_max_width":0,"ocean_custom_logo_tablet_max_width":0,"ocean_custom_logo_mobile_max_width":0,"ocean_custom_logo_max_height":0,"ocean_custom_logo_tablet_max_height":0,"ocean_custom_logo_mobile_max_height":0,"ocean_header_custom_menu":"0","ocean_menu_typo_font_family":"0","ocean_menu_typo_font_subset":"","ocean_menu_typo_font_size":0,"ocean_menu_typo_font_size_tablet":0,"ocean_menu_typo_font_size_mobile":0,"ocean_menu_typo_font_size_unit":"px","ocean_menu_typo_font_weight":"","ocean_menu_typo_font_weight_tablet":"","ocean_menu_typo_font_weight_mobile":"","ocean_menu_typo_transform":"","ocean_menu_typo_transform_tablet":"","ocean_menu_typo_transform_mobile":"","ocean_menu_typo_line_height":0,"ocean_menu_typo_line_height_tablet":0,"ocean_menu_typo_line_height_mobile":0,"ocean_menu_typo_line_height_unit":"","ocean_menu_typo_spacing":0,"ocean_menu_typo_spacing_tablet":0,"ocean_menu_typo_spacing_mobile":0,"ocean_menu_typo_spacing_unit":"","ocean_menu_link_color":"","ocean_menu_link_color_hover":"","ocean_menu_link_color_active":"","ocean_menu_link_background":"","ocean_menu_link_hover_background":"","ocean_menu_link_active_background":"","ocean_menu_social_links_bg":"","ocean_menu_social_hover_links_bg":"","ocean_menu_social_links_color":"","ocean_menu_social_hover_links_color":"","ocean_disable_title":"default","ocean_disable_heading":"default","ocean_post_title":"","ocean_post_subheading":"","ocean_post_title_style":"","ocean_post_title_background_color":"","ocean_post_title_background":0,"ocean_post_title_bg_image_position":"","ocean_post_title_bg_image_attachment":"","ocean_post_title_bg_image_repeat":"","ocean_post_title_bg_image_size":"","ocean_post_title_height":0,"ocean_post_title_bg_overlay":0.5,"ocean_post_title_bg_overlay_color":"","ocean_disable_breadcrumbs":"default","ocean_breadcrumbs_color":"","ocean_breadcrumbs_separator_color":"","ocean_breadcrumbs_links_color":"","ocean_breadcrumbs_links_hover_color":"","ocean_display_footer_widgets":"default","ocean_display_footer_bottom":"default","ocean_custom_footer_template":"0","footnotes":""},"class_list":["post-3250","page","type-page","status-publish","hentry","entry"],"yoast_head":"<!-- This site is optimized with the Yoast SEO plugin v26.5 - https:\/\/yoast.com\/wordpress\/plugins\/seo\/ -->\n<title>Diretorias da Reitoria - UENF - Universidade Estadual do Norte Fluminense Darcy Ribeiro<\/title>\n<meta name=\"robots\" content=\"noindex, follow, max-snippet:-1, max-image-preview:large, max-video-preview:-1\" \/>\n<meta property=\"og:locale\" content=\"pt_BR\" \/>\n<meta property=\"og:type\" content=\"article\" \/>\n<meta property=\"og:title\" content=\"Diretorias da Reitoria - UENF - Universidade Estadual do Norte Fluminense Darcy Ribeiro\" \/>\n<meta property=\"og:description\" content=\"Diretorias Executivas Diretoria Geral de Administra\u00e7\u00e3o &#8211; respons\u00e1vel pelo planejamento, organiza\u00e7\u00e3o, integra\u00e7\u00e3o e coordena\u00e7\u00e3o das atividades patrimoniais, administrativas, financeiras, or\u00e7ament\u00e1rias e de recursos humanos da UENF. Ag\u00eancia UENF de Inova\u00e7\u00e3o &#8211; tem a miss\u00e3o de fomentar e administrar recursos n\u00e3o-or\u00e7ament\u00e1rios captados pela Universidade; estabelecer acordos e conv\u00eanios com institui\u00e7\u00f5es p\u00fablicas ou privadas; atuar como intermediador [&hellip;]\" \/>\n<meta property=\"og:url\" content=\"https:\/\/portal1.uenf.br\/portal\/institucional\/diretorias-da-reitoria\/\" \/>\n<meta property=\"og:site_name\" content=\"UENF - Universidade Estadual do Norte Fluminense Darcy Ribeiro\" \/>\n<meta name=\"twitter:card\" content=\"summary_large_image\" \/>\n<meta name=\"twitter:label1\" content=\"Est. tempo de leitura\" \/>\n\t<meta name=\"twitter:data1\" content=\"1 minuto\" \/>\n<script type=\"application\/ld+json\" class=\"yoast-schema-graph\">{\"@context\":\"https:\/\/schema.org\",\"@graph\":[{\"@type\":\"WebPage\",\"@id\":\"https:\/\/portal1.uenf.br\/portal\/institucional\/diretorias-da-reitoria\/\",\"url\":\"https:\/\/portal1.uenf.br\/portal\/institucional\/diretorias-da-reitoria\/\",\"name\":\"Diretorias da Reitoria - UENF - Universidade Estadual do Norte Fluminense Darcy Ribeiro\",\"isPartOf\":{\"@id\":\"https:\/\/portal1.uenf.br\/portal\/#website\"},\"datePublished\":\"2024-10-01T13:03:53+00:00\",\"breadcrumb\":{\"@id\":\"https:\/\/portal1.uenf.br\/portal\/institucional\/diretorias-da-reitoria\/#breadcrumb\"},\"inLanguage\":\"pt-BR\",\"potentialAction\":[{\"@type\":\"ReadAction\",\"target\":[\"https:\/\/portal1.uenf.br\/portal\/institucional\/diretorias-da-reitoria\/\"]}]},{\"@type\":\"BreadcrumbList\",\"@id\":\"https:\/\/portal1.uenf.br\/portal\/institucional\/diretorias-da-reitoria\/#breadcrumb\",\"itemListElement\":[{\"@type\":\"ListItem\",\"position\":1,\"name\":\"In\u00edcio\",\"item\":\"https:\/\/portal1.uenf.br\/portal\/\"},{\"@type\":\"ListItem\",\"position\":2,\"name\":\"Institucional\",\"item\":\"https:\/\/portal1.uenf.br\/portal\/institucional\/\"},{\"@type\":\"ListItem\",\"position\":3,\"name\":\"Diretorias da Reitoria\"}]},{\"@type\":\"WebSite\",\"@id\":\"https:\/\/portal1.uenf.br\/portal\/#website\",\"url\":\"https:\/\/portal1.uenf.br\/portal\/\",\"name\":\"UENF - Universidade Estadual do Norte Fluminense Darcy Ribeiro\",\"description\":\"\",\"publisher\":{\"@id\":\"https:\/\/portal1.uenf.br\/portal\/#organization\"},\"potentialAction\":[{\"@type\":\"SearchAction\",\"target\":{\"@type\":\"EntryPoint\",\"urlTemplate\":\"https:\/\/portal1.uenf.br\/portal\/?s={search_term_string}\"},\"query-input\":{\"@type\":\"PropertyValueSpecification\",\"valueRequired\":true,\"valueName\":\"search_term_string\"}}],\"inLanguage\":\"pt-BR\"},{\"@type\":\"Organization\",\"@id\":\"https:\/\/portal1.uenf.br\/portal\/#organization\",\"name\":\"UENF - Universidade Estadual do Norte Fluminense Darcy Ribeiro\",\"url\":\"https:\/\/portal1.uenf.br\/portal\/\",\"logo\":{\"@type\":\"ImageObject\",\"inLanguage\":\"pt-BR\",\"@id\":\"https:\/\/portal1.uenf.br\/portal\/#\/schema\/logo\/image\/\",\"url\":\"https:\/\/portal1.uenf.br\/portal\/wp-content\/uploads\/2018\/06\/logo-uenf-invertido-1.png\",\"contentUrl\":\"https:\/\/portal1.uenf.br\/portal\/wp-content\/uploads\/2018\/06\/logo-uenf-invertido-1.png\",\"width\":482,\"height\":83,\"caption\":\"UENF - Universidade Estadual do Norte Fluminense Darcy Ribeiro\"},\"image\":{\"@id\":\"https:\/\/portal1.uenf.br\/portal\/#\/schema\/logo\/image\/\"}}]}<\/script>\n<!-- \/ Yoast SEO plugin. -->","yoast_head_json":{"title":"Diretorias da Reitoria - UENF - Universidade Estadual do Norte Fluminense Darcy Ribeiro","robots":{"index":"noindex","follow":"follow","max-snippet":"max-snippet:-1","max-image-preview":"max-image-preview:large","max-video-preview":"max-video-preview:-1"},"og_locale":"pt_BR","og_type":"article","og_title":"Diretorias da Reitoria - UENF - Universidade Estadual do Norte Fluminense Darcy Ribeiro","og_description":"Diretorias Executivas Diretoria Geral de Administra\u00e7\u00e3o &#8211; respons\u00e1vel pelo planejamento, organiza\u00e7\u00e3o, integra\u00e7\u00e3o e coordena\u00e7\u00e3o das atividades patrimoniais, administrativas, financeiras, or\u00e7ament\u00e1rias e de recursos humanos da UENF. Ag\u00eancia UENF de Inova\u00e7\u00e3o &#8211; tem a miss\u00e3o de fomentar e administrar recursos n\u00e3o-or\u00e7ament\u00e1rios captados pela Universidade; estabelecer acordos e conv\u00eanios com institui\u00e7\u00f5es p\u00fablicas ou privadas; atuar como intermediador [&hellip;]","og_url":"https:\/\/portal1.uenf.br\/portal\/institucional\/diretorias-da-reitoria\/","og_site_name":"UENF - Universidade Estadual do Norte Fluminense Darcy Ribeiro","twitter_card":"summary_large_image","twitter_misc":{"Est. tempo de leitura":"1 minuto"},"schema":{"@context":"https:\/\/schema.org","@graph":[{"@type":"WebPage","@id":"https:\/\/portal1.uenf.br\/portal\/institucional\/diretorias-da-reitoria\/","url":"https:\/\/portal1.uenf.br\/portal\/institucional\/diretorias-da-reitoria\/","name":"Diretorias da Reitoria - UENF - Universidade Estadual do Norte Fluminense Darcy Ribeiro","isPartOf":{"@id":"https:\/\/portal1.uenf.br\/portal\/#website"},"datePublished":"2024-10-01T13:03:53+00:00","breadcrumb":{"@id":"https:\/\/portal1.uenf.br\/portal\/institucional\/diretorias-da-reitoria\/#breadcrumb"},"inLanguage":"pt-BR","potentialAction":[{"@type":"ReadAction","target":["https:\/\/portal1.uenf.br\/portal\/institucional\/diretorias-da-reitoria\/"]}]},{"@type":"BreadcrumbList","@id":"https:\/\/portal1.uenf.br\/portal\/institucional\/diretorias-da-reitoria\/#breadcrumb","itemListElement":[{"@type":"ListItem","position":1,"name":"In\u00edcio","item":"https:\/\/portal1.uenf.br\/portal\/"},{"@type":"ListItem","position":2,"name":"Institucional","item":"https:\/\/portal1.uenf.br\/portal\/institucional\/"},{"@type":"ListItem","position":3,"name":"Diretorias da Reitoria"}]},{"@type":"WebSite","@id":"https:\/\/portal1.uenf.br\/portal\/#website","url":"https:\/\/portal1.uenf.br\/portal\/","name":"UENF - Universidade Estadual do Norte Fluminense Darcy Ribeiro","description":"","publisher":{"@id":"https:\/\/portal1.uenf.br\/portal\/#organization"},"potentialAction":[{"@type":"SearchAction","target":{"@type":"EntryPoint","urlTemplate":"https:\/\/portal1.uenf.br\/portal\/?s={search_term_string}"},"query-input":{"@type":"PropertyValueSpecification","valueRequired":true,"valueName":"search_term_string"}}],"inLanguage":"pt-BR"},{"@type":"Organization","@id":"https:\/\/portal1.uenf.br\/portal\/#organization","name":"UENF - Universidade Estadual do Norte Fluminense Darcy Ribeiro","url":"https:\/\/portal1.uenf.br\/portal\/","logo":{"@type":"ImageObject","inLanguage":"pt-BR","@id":"https:\/\/portal1.uenf.br\/portal\/#\/schema\/logo\/image\/","url":"https:\/\/portal1.uenf.br\/portal\/wp-content\/uploads\/2018\/06\/logo-uenf-invertido-1.png","contentUrl":"https:\/\/portal1.uenf.br\/portal\/wp-content\/uploads\/2018\/06\/logo-uenf-invertido-1.png","width":482,"height":83,"caption":"UENF - Universidade Estadual do Norte Fluminense Darcy Ribeiro"},"image":{"@id":"https:\/\/portal1.uenf.br\/portal\/#\/schema\/logo\/image\/"}}]}},"_links":{"self":[{"href":"https:\/\/portal1.uenf.br\/portal\/wp-json\/wp\/v2\/pages\/3250","targetHints":{"allow":["GET"]}}],"collection":[{"href":"https:\/\/portal1.uenf.br\/portal\/wp-json\/wp\/v2\/pages"}],"about":[{"href":"https:\/\/portal1.uenf.br\/portal\/wp-json\/wp\/v2\/types\/page"}],"author":[{"embeddable":true,"href":"https:\/\/portal1.uenf.br\/portal\/wp-json\/wp\/v2\/users\/1"}],"replies":[{"embeddable":true,"href":"https:\/\/portal1.uenf.br\/portal\/wp-json\/wp\/v2\/comments?post=3250"}],"version-history":[{"count":0,"href":"https:\/\/portal1.uenf.br\/portal\/wp-json\/wp\/v2\/pages\/3250\/revisions"}],"up":[{"embeddable":true,"href":"https:\/\/portal1.uenf.br\/portal\/wp-json\/wp\/v2\/pages\/3247"}],"wp:attachment":[{"href":"https:\/\/portal1.uenf.br\/portal\/wp-json\/wp\/v2\/media?parent=3250"}],"curies":[{"name":"wp","href":"https:\/\/api.w.org\/{rel}","templated":true}]}}