{"id":3248,"date":"2024-10-01T13:03:53","date_gmt":"2024-10-01T13:03:53","guid":{"rendered":"http:\/\/Ascom"},"modified":"2024-10-01T13:03:53","modified_gmt":"2024-10-01T13:03:53","slug":"sobre-a-uenf","status":"publish","type":"page","link":"https:\/\/portal1.uenf.br\/portal\/institucional\/sobre-a-uenf\/","title":{"rendered":"Sobre a UENF"},"content":{"rendered":"<p>A implanta\u00e7\u00e3o de uma universidade p\u00fablica j\u00e1 era um sonho antigo da popula\u00e7\u00e3o de Campos dos Goytacazes (RJ) quando uma mobiliza\u00e7\u00e3o da sociedade organizada conseguiu incluir na Constitui\u00e7\u00e3o Estadual de 1989 uma emenda popular prevendo a cria\u00e7\u00e3o da Universidade Estadual do Norte Fluminense. O movimento envolveu entidades, associa\u00e7\u00f5es e lideran\u00e7as pol\u00edticas. Seriam necess\u00e1rias pelo menos 3 mil assinaturas, mas os organizadores conseguiram 4.141, sem contar milhares de outras n\u00e3o qualificadas.Planta da UENFPlanta da UENF<\/p>\n<p>De acordo com o artigo 49 das Disposi\u00e7\u00f5es Transit\u00f3rias da Constitui\u00e7\u00e3o fluminense, a universidade sonhada por sucessivas gera\u00e7\u00f5es de campistas deveria estar presente tamb\u00e9m nos munic\u00edpios de Itaocara (RJ), Itaperuna (RJ) e Santo Ant\u00f4nio de P\u00e1dua (RJ). No in\u00edcio da d\u00e9cada de 1990, o grande desafio do movimento popular pr\u00f3-UENF foi cumprir o prazo legal para a cria\u00e7\u00e3o da Universidade, sob pena de o artigo constitucional tornar-se letra morta.<\/p>\n<p>Este prazo se extinguiria em 1990. Ap\u00f3s um intenso esfor\u00e7o coletivo de sensibiliza\u00e7\u00e3o das autoridades, finalmente foi aprovada pela Assembl\u00e9ia Legislativa a lei de cria\u00e7\u00e3o da UENF, sancionada pelo ent\u00e3o governador Moreira Franco em 08\/11\/90. A Lei 1.740 autorizava o Poder Executivo a criar a Universidade Estadual do Norte Fluminense &#8211; UENF, com sede em Campos dos Goytacazes. Em 27\/02\/91, o Decreto 16.357 criava a UENF e aprovava o seu Estatuto.<\/p>\n<p>Com a elei\u00e7\u00e3o de Leonel Brizola para o governo do Estado do Rio de Janeiro e sua posse em 1991, o projeto da UENF ganhou novos rumos. Cumprindo compromisso de campanha assumido em Campos (RJ), Leonel Brizola p\u00f4s em execu\u00e7\u00e3o a implanta\u00e7\u00e3o da UENF, delegando ao professor Darcy Ribeiro a tarefa de conceber o modelo e coordenar a implanta\u00e7\u00e3o. Darcy fora o criador e o primeiro reitor da Universidade de Bras\u00edlia (UnB) e autor de projetos de instaura\u00e7\u00e3o ou reforma de universidades na Costa Rica, Arg\u00e9lia, Uruguai, Venezuela e Peru.<\/p>\n<p>Ao receber a miss\u00e3o de fundar a UENF, Darcy se imp\u00f4s o desafio de fazer da nova universidade o seu melhor projeto. Concebeu um modelo inovador, onde os departamentos &#8211; que, na UnB, j\u00e1 tinham representado um avan\u00e7o ao substituir as c\u00e1tedras &#8211; dariam lugar a laborat\u00f3rios tem\u00e1ticos e multidisciplinares como c\u00e9lula da vida acad\u00eamica. Cercou-se de pensadores e pesquisadores renomados para elaborar o projeto da UENF e apresentou-a como a &#8216;Universidade do Terceiro Mil\u00eanio&#8217;. Previu a presen\u00e7a da UENF em Maca\u00e9 (RJ), onde viriam a ser implantados os Laborat\u00f3rios de Engenharia e Explora\u00e7\u00e3o do Petr\u00f3leo (Lenep) e de Meteorologia (Lamet).<\/p>\n<p>O processo de implanta\u00e7\u00e3o da UENF come\u00e7ou efetivamente em 23 de dezembro de 1991, quando o decreto n.\u00ba 17.206 instituiu, junto \u00e0 Secretaria Extraordin\u00e1ria de Programas Especiais, a Comiss\u00e3o Acad\u00eamica de Implanta\u00e7\u00e3o. Em 10\/12\/1992, foi aprovada a Lei n\u00famero 2.043\/92, de autoria do deputado Fernando Leite Fernandes, criando a Funda\u00e7\u00e3o Estadual Norte Fluminense, com a miss\u00e3o de manter e desenvolver a Universidade Estadual do Norte Fluminense e implantar e incrementar o Parque de Alta Tecnologia do Norte Fluminense.<\/p>\n<p>As marcas da originalidade e da ousadia que Darcy imprimiu a seu \u00faltimo grande projeto de universidade se tornaram vis\u00edveis. A UENF foi a primeira universidade brasileira onde todos os professores t\u00eam doutorado. A \u00eanfase na pesquisa e na p\u00f3s-gradua\u00e7\u00e3o, sem paralelo na hist\u00f3ria da universidade brasileira, faz da UENF uma universidade para formar cientistas.<\/p>\n<p>Por ter obtido o maior percentual de ex-alunos participantes da Inicia\u00e7\u00e3o Cient\u00edfica concluindo cursos de mestrado e doutorado, a UENF ganhou, em 2003, o Pr\u00eamio Destaque do Ano na Inicia\u00e7\u00e3o Cient\u00edfica, conferido pelo CNPq (Conselho Nacional de Desenvolvimento Cient\u00edfico e Tecnol\u00f3gico). Por for\u00e7a do regulamento, a institui\u00e7\u00e3o vencedora tem que cumprir um intervalo sem concorrer \u00e0 premia\u00e7\u00e3o. Assim que a UENF voltou a concorrer, em 2009, foi novamente premiada (veja a seguir).<\/p>\n<p>A UENF foi tamb\u00e9m uma das institui\u00e7\u00f5es pioneiras na oferta de cursos de gradua\u00e7\u00e3o a dist\u00e2ncia, cumprindo uma miss\u00e3o conferida pela vis\u00e3o de futuro de seu fundador. Atrav\u00e9s do Cons\u00f3rcio Cederj, a UENF seria a respons\u00e1vel, no in\u00edcio de 2002, pelo primeiro curso de gradua\u00e7\u00e3o (licenciatura) em Ci\u00eancias Biol\u00f3gicas a dist\u00e2ncia implantado no pa\u00eds.<\/p>\n<p>O primeiro vestibular para a UENF foi realizado em 3 de junho de 1993. A primeira aula no campus da UENF foi ministrada aos 16 de agosto de 1993, data afinal definida como a da implanta\u00e7\u00e3o da Universidade. Aos 08 de dezembro de 1993 foi inaugurada a Casa de Cultura Villa Maria, instalada em palacete de 1918, de estilo ecl\u00e9tico. S\u00edmbolo da uni\u00e3o umbilical da UENF com a sociedade de Campos, o casar\u00e3o tinha sido deixado em testamento pela senhora Maria Tinoco Queiroz &#8211; conhecida como D. Finazinha, falecida aos 18 de dezembro de 1970 &#8211; para ser a sede de uma futura universidade.<\/p>\n<p>Em 23 de outubro de 2001, atrav\u00e9s da Lei complementar n.\u00b0 99, sancionada pelo governador Anthony Garotinho, a Universidade conquista sua autonomia administrativa, separando-se da antiga mantenedora. Ao conquistar a autonomia, a institui\u00e7\u00e3o incorpora na pr\u00e1tica o nome do seu fundador, passando a se chamar Universidade Estadual do Norte Fluminense Darcy Ribeiro, conforme j\u00e1 previsto pela Lei n.\u00ba 2.786, de 15 de setembro de 1997.<\/p>\n<p>A conquista da autonomia, marco na hist\u00f3ria da jovem universidade, veio ap\u00f3s uma luta sem tr\u00e9guas de professores, estudantes e servidores t\u00e9cnico-administrativos, com apoio da comunidade campista e setores importantes da imprensa. A partir do reconhecimento de sua autonomia administrativa, a UENF inicia um vigoroso movimento de aproxima\u00e7\u00e3o com a sociedade regional, incluindo as prefeituras, as ag\u00eancias de desenvolvimento, as institui\u00e7\u00f5es de ensino superior e as entidades da sociedade organizada.<\/p>\n<p>Cumpriu-se, assim, mais uma etapa na hist\u00f3ria da obra-prima de Darcy Ribeiro no Norte Fluminense. Se a cria\u00e7\u00e3o da UENF nascera de um movimento \u00e9pico da sociedade campista, confluindo-se com os mais leg\u00edtimos anseios da comunidade cient\u00edfica brasileira, a conquista de sua autonomia administrativa e patrimonial seria fruto de uma campanha her\u00f3ica da pr\u00f3pria comunidade acad\u00eamica, de bra\u00e7os dados com a sociedade regional.<\/p>\n<p>Em 2008, a UENF foi reconhecida pelo MEC como uma das 15 melhores universidades brasileiras, ficando em 12.\u00ba lugar no ranking nacional baseado no IGC (\u00cdndice Geral de Cursos da Institui\u00e7\u00e3o). O IGC compila num \u00fanico \u00edndice uma s\u00e9rie de par\u00e2metros de qualidade da totalidade dos cursos de gradua\u00e7\u00e3o e p\u00f3s-gradua\u00e7\u00e3o de cada institui\u00e7\u00e3o. Tamb\u00e9m em 2008, a UENF recebeu o Pr\u00eamio Nacional de Educa\u00e7\u00e3o em Direitos Humanos, categoria Extens\u00e3o Universit\u00e1ria, concedido pela Organiza\u00e7\u00e3o dos Estados Ibero-americanos para a Educa\u00e7\u00e3o, a Ci\u00eancia e a Cultura (OEI), o Minist\u00e9rio da Educa\u00e7\u00e3o (MEC), em parceria com o Minist\u00e9rio da Educa\u00e7\u00e3o (MEC) e a Secretaria Especial de Direitos Humanos da Presid\u00eancia da Rep\u00fablica (SEDH), com patroc\u00ednio da Funda\u00e7\u00e3o SM.<\/p>\n<p>Em 2009, o CNPq conferiu \u00e0 UENF, pela segunda vez, o Pr\u00eamio Destaque do Ano na Inicia\u00e7\u00e3o Cient\u00edfica.<\/p>\n<p>Em 2007, 2008, 2009 e 2010, a UENF foi apontada pelo Minist\u00e9rio da Educa\u00e7\u00e3o (MEC) como uma das 15 melhores universidades do Brasil, com base no \u00cdndice Geral de Cursos (IGC). O IGC \u00e9 fruto da compila\u00e7\u00e3o de uma s\u00e9rie de par\u00e2metros de qualidade de todos os cursos de gradua\u00e7\u00e3o e de p\u00f3s-gradua\u00e7\u00e3o da institui\u00e7\u00e3o. No IGC\/2011, divulgado em 2012, a UENF foi considerada a melhor universidade do Rio de Janeiro e a 11\u00aa melhor do pa\u00eds.<\/p>\n<p>Consulte a edi\u00e7\u00e3o especial da revista Nossa UENF com imagens da hist\u00f3ria da UENF, desde a constru\u00e7\u00e3o do campus at\u00e9 epis\u00f3dios mais recentes.<\/p>\n","protected":false},"excerpt":{"rendered":"<p>A implanta\u00e7\u00e3o de uma universidade p\u00fablica j\u00e1 era um sonho antigo da popula\u00e7\u00e3o de Campos dos Goytacazes (RJ) quando uma mobiliza\u00e7\u00e3o da sociedade organizada conseguiu incluir na Constitui\u00e7\u00e3o Estadual de 1989 uma emenda popular prevendo a cria\u00e7\u00e3o da Universidade Estadual do Norte Fluminense. O movimento envolveu entidades, associa\u00e7\u00f5es e lideran\u00e7as pol\u00edticas. Seriam necess\u00e1rias pelo menos [&hellip;]<\/p>\n","protected":false},"author":1,"featured_media":0,"parent":3247,"menu_order":0,"comment_status":"closed","ping_status":"closed","template":"","meta":{"_eb_attr":"","ocean_post_layout":"","ocean_both_sidebars_style":"","ocean_both_sidebars_content_width":0,"ocean_both_sidebars_sidebars_width":0,"ocean_sidebar":"0","ocean_second_sidebar":"0","ocean_disable_margins":"enable","ocean_add_body_class":"","ocean_shortcode_before_top_bar":"","ocean_shortcode_after_top_bar":"","ocean_shortcode_before_header":"","ocean_shortcode_after_header":"","ocean_has_shortcode":"","ocean_shortcode_after_title":"","ocean_shortcode_before_footer_widgets":"","ocean_shortcode_after_footer_widgets":"","ocean_shortcode_before_footer_bottom":"","ocean_shortcode_after_footer_bottom":"","ocean_display_top_bar":"default","ocean_display_header":"default","ocean_header_style":"","ocean_center_header_left_menu":"0","ocean_custom_header_template":"0","ocean_custom_logo":0,"ocean_custom_retina_logo":0,"ocean_custom_logo_max_width":0,"ocean_custom_logo_tablet_max_width":0,"ocean_custom_logo_mobile_max_width":0,"ocean_custom_logo_max_height":0,"ocean_custom_logo_tablet_max_height":0,"ocean_custom_logo_mobile_max_height":0,"ocean_header_custom_menu":"0","ocean_menu_typo_font_family":"0","ocean_menu_typo_font_subset":"","ocean_menu_typo_font_size":0,"ocean_menu_typo_font_size_tablet":0,"ocean_menu_typo_font_size_mobile":0,"ocean_menu_typo_font_size_unit":"px","ocean_menu_typo_font_weight":"","ocean_menu_typo_font_weight_tablet":"","ocean_menu_typo_font_weight_mobile":"","ocean_menu_typo_transform":"","ocean_menu_typo_transform_tablet":"","ocean_menu_typo_transform_mobile":"","ocean_menu_typo_line_height":0,"ocean_menu_typo_line_height_tablet":0,"ocean_menu_typo_line_height_mobile":0,"ocean_menu_typo_line_height_unit":"","ocean_menu_typo_spacing":0,"ocean_menu_typo_spacing_tablet":0,"ocean_menu_typo_spacing_mobile":0,"ocean_menu_typo_spacing_unit":"","ocean_menu_link_color":"","ocean_menu_link_color_hover":"","ocean_menu_link_color_active":"","ocean_menu_link_background":"","ocean_menu_link_hover_background":"","ocean_menu_link_active_background":"","ocean_menu_social_links_bg":"","ocean_menu_social_hover_links_bg":"","ocean_menu_social_links_color":"","ocean_menu_social_hover_links_color":"","ocean_disable_title":"default","ocean_disable_heading":"default","ocean_post_title":"","ocean_post_subheading":"","ocean_post_title_style":"","ocean_post_title_background_color":"","ocean_post_title_background":0,"ocean_post_title_bg_image_position":"","ocean_post_title_bg_image_attachment":"","ocean_post_title_bg_image_repeat":"","ocean_post_title_bg_image_size":"","ocean_post_title_height":0,"ocean_post_title_bg_overlay":0.5,"ocean_post_title_bg_overlay_color":"","ocean_disable_breadcrumbs":"default","ocean_breadcrumbs_color":"","ocean_breadcrumbs_separator_color":"","ocean_breadcrumbs_links_color":"","ocean_breadcrumbs_links_hover_color":"","ocean_display_footer_widgets":"default","ocean_display_footer_bottom":"default","ocean_custom_footer_template":"0","footnotes":""},"class_list":["post-3248","page","type-page","status-publish","hentry","entry"],"yoast_head":"<!-- This site is optimized with the Yoast SEO plugin v26.5 - https:\/\/yoast.com\/wordpress\/plugins\/seo\/ -->\n<title>Sobre a UENF - UENF - Universidade Estadual do Norte Fluminense Darcy Ribeiro<\/title>\n<meta name=\"robots\" content=\"noindex, follow, max-snippet:-1, max-image-preview:large, max-video-preview:-1\" \/>\n<meta property=\"og:locale\" content=\"pt_BR\" \/>\n<meta property=\"og:type\" content=\"article\" \/>\n<meta property=\"og:title\" content=\"Sobre a UENF - UENF - Universidade Estadual do Norte Fluminense Darcy Ribeiro\" \/>\n<meta property=\"og:description\" content=\"A implanta\u00e7\u00e3o de uma universidade p\u00fablica j\u00e1 era um sonho antigo da popula\u00e7\u00e3o de Campos dos Goytacazes (RJ) quando uma mobiliza\u00e7\u00e3o da sociedade organizada conseguiu incluir na Constitui\u00e7\u00e3o Estadual de 1989 uma emenda popular prevendo a cria\u00e7\u00e3o da Universidade Estadual do Norte Fluminense. O movimento envolveu entidades, associa\u00e7\u00f5es e lideran\u00e7as pol\u00edticas. Seriam necess\u00e1rias pelo menos [&hellip;]\" \/>\n<meta property=\"og:url\" content=\"https:\/\/portal1.uenf.br\/portal\/institucional\/sobre-a-uenf\/\" \/>\n<meta property=\"og:site_name\" content=\"UENF - Universidade Estadual do Norte Fluminense Darcy Ribeiro\" \/>\n<meta name=\"twitter:card\" content=\"summary_large_image\" \/>\n<meta name=\"twitter:label1\" content=\"Est. tempo de leitura\" \/>\n\t<meta name=\"twitter:data1\" content=\"7 minutos\" \/>\n<script type=\"application\/ld+json\" class=\"yoast-schema-graph\">{\"@context\":\"https:\/\/schema.org\",\"@graph\":[{\"@type\":\"WebPage\",\"@id\":\"https:\/\/portal1.uenf.br\/portal\/institucional\/sobre-a-uenf\/\",\"url\":\"https:\/\/portal1.uenf.br\/portal\/institucional\/sobre-a-uenf\/\",\"name\":\"Sobre a UENF - UENF - Universidade Estadual do Norte Fluminense Darcy Ribeiro\",\"isPartOf\":{\"@id\":\"https:\/\/portal1.uenf.br\/portal\/#website\"},\"datePublished\":\"2024-10-01T13:03:53+00:00\",\"breadcrumb\":{\"@id\":\"https:\/\/portal1.uenf.br\/portal\/institucional\/sobre-a-uenf\/#breadcrumb\"},\"inLanguage\":\"pt-BR\",\"potentialAction\":[{\"@type\":\"ReadAction\",\"target\":[\"https:\/\/portal1.uenf.br\/portal\/institucional\/sobre-a-uenf\/\"]}]},{\"@type\":\"BreadcrumbList\",\"@id\":\"https:\/\/portal1.uenf.br\/portal\/institucional\/sobre-a-uenf\/#breadcrumb\",\"itemListElement\":[{\"@type\":\"ListItem\",\"position\":1,\"name\":\"In\u00edcio\",\"item\":\"https:\/\/portal1.uenf.br\/portal\/\"},{\"@type\":\"ListItem\",\"position\":2,\"name\":\"Institucional\",\"item\":\"https:\/\/portal1.uenf.br\/portal\/institucional\/\"},{\"@type\":\"ListItem\",\"position\":3,\"name\":\"Sobre a UENF\"}]},{\"@type\":\"WebSite\",\"@id\":\"https:\/\/portal1.uenf.br\/portal\/#website\",\"url\":\"https:\/\/portal1.uenf.br\/portal\/\",\"name\":\"UENF - Universidade Estadual do Norte Fluminense Darcy Ribeiro\",\"description\":\"\",\"publisher\":{\"@id\":\"https:\/\/portal1.uenf.br\/portal\/#organization\"},\"potentialAction\":[{\"@type\":\"SearchAction\",\"target\":{\"@type\":\"EntryPoint\",\"urlTemplate\":\"https:\/\/portal1.uenf.br\/portal\/?s={search_term_string}\"},\"query-input\":{\"@type\":\"PropertyValueSpecification\",\"valueRequired\":true,\"valueName\":\"search_term_string\"}}],\"inLanguage\":\"pt-BR\"},{\"@type\":\"Organization\",\"@id\":\"https:\/\/portal1.uenf.br\/portal\/#organization\",\"name\":\"UENF - Universidade Estadual do Norte Fluminense Darcy Ribeiro\",\"url\":\"https:\/\/portal1.uenf.br\/portal\/\",\"logo\":{\"@type\":\"ImageObject\",\"inLanguage\":\"pt-BR\",\"@id\":\"https:\/\/portal1.uenf.br\/portal\/#\/schema\/logo\/image\/\",\"url\":\"https:\/\/portal1.uenf.br\/portal\/wp-content\/uploads\/2018\/06\/logo-uenf-invertido-1.png\",\"contentUrl\":\"https:\/\/portal1.uenf.br\/portal\/wp-content\/uploads\/2018\/06\/logo-uenf-invertido-1.png\",\"width\":482,\"height\":83,\"caption\":\"UENF - Universidade Estadual do Norte Fluminense Darcy Ribeiro\"},\"image\":{\"@id\":\"https:\/\/portal1.uenf.br\/portal\/#\/schema\/logo\/image\/\"}}]}<\/script>\n<!-- \/ Yoast SEO plugin. -->","yoast_head_json":{"title":"Sobre a UENF - UENF - Universidade Estadual do Norte Fluminense Darcy Ribeiro","robots":{"index":"noindex","follow":"follow","max-snippet":"max-snippet:-1","max-image-preview":"max-image-preview:large","max-video-preview":"max-video-preview:-1"},"og_locale":"pt_BR","og_type":"article","og_title":"Sobre a UENF - UENF - Universidade Estadual do Norte Fluminense Darcy Ribeiro","og_description":"A implanta\u00e7\u00e3o de uma universidade p\u00fablica j\u00e1 era um sonho antigo da popula\u00e7\u00e3o de Campos dos Goytacazes (RJ) quando uma mobiliza\u00e7\u00e3o da sociedade organizada conseguiu incluir na Constitui\u00e7\u00e3o Estadual de 1989 uma emenda popular prevendo a cria\u00e7\u00e3o da Universidade Estadual do Norte Fluminense. O movimento envolveu entidades, associa\u00e7\u00f5es e lideran\u00e7as pol\u00edticas. Seriam necess\u00e1rias pelo menos [&hellip;]","og_url":"https:\/\/portal1.uenf.br\/portal\/institucional\/sobre-a-uenf\/","og_site_name":"UENF - Universidade Estadual do Norte Fluminense Darcy Ribeiro","twitter_card":"summary_large_image","twitter_misc":{"Est. tempo de leitura":"7 minutos"},"schema":{"@context":"https:\/\/schema.org","@graph":[{"@type":"WebPage","@id":"https:\/\/portal1.uenf.br\/portal\/institucional\/sobre-a-uenf\/","url":"https:\/\/portal1.uenf.br\/portal\/institucional\/sobre-a-uenf\/","name":"Sobre a UENF - UENF - Universidade Estadual do Norte Fluminense Darcy Ribeiro","isPartOf":{"@id":"https:\/\/portal1.uenf.br\/portal\/#website"},"datePublished":"2024-10-01T13:03:53+00:00","breadcrumb":{"@id":"https:\/\/portal1.uenf.br\/portal\/institucional\/sobre-a-uenf\/#breadcrumb"},"inLanguage":"pt-BR","potentialAction":[{"@type":"ReadAction","target":["https:\/\/portal1.uenf.br\/portal\/institucional\/sobre-a-uenf\/"]}]},{"@type":"BreadcrumbList","@id":"https:\/\/portal1.uenf.br\/portal\/institucional\/sobre-a-uenf\/#breadcrumb","itemListElement":[{"@type":"ListItem","position":1,"name":"In\u00edcio","item":"https:\/\/portal1.uenf.br\/portal\/"},{"@type":"ListItem","position":2,"name":"Institucional","item":"https:\/\/portal1.uenf.br\/portal\/institucional\/"},{"@type":"ListItem","position":3,"name":"Sobre a UENF"}]},{"@type":"WebSite","@id":"https:\/\/portal1.uenf.br\/portal\/#website","url":"https:\/\/portal1.uenf.br\/portal\/","name":"UENF - Universidade Estadual do Norte Fluminense Darcy Ribeiro","description":"","publisher":{"@id":"https:\/\/portal1.uenf.br\/portal\/#organization"},"potentialAction":[{"@type":"SearchAction","target":{"@type":"EntryPoint","urlTemplate":"https:\/\/portal1.uenf.br\/portal\/?s={search_term_string}"},"query-input":{"@type":"PropertyValueSpecification","valueRequired":true,"valueName":"search_term_string"}}],"inLanguage":"pt-BR"},{"@type":"Organization","@id":"https:\/\/portal1.uenf.br\/portal\/#organization","name":"UENF - Universidade Estadual do Norte Fluminense Darcy Ribeiro","url":"https:\/\/portal1.uenf.br\/portal\/","logo":{"@type":"ImageObject","inLanguage":"pt-BR","@id":"https:\/\/portal1.uenf.br\/portal\/#\/schema\/logo\/image\/","url":"https:\/\/portal1.uenf.br\/portal\/wp-content\/uploads\/2018\/06\/logo-uenf-invertido-1.png","contentUrl":"https:\/\/portal1.uenf.br\/portal\/wp-content\/uploads\/2018\/06\/logo-uenf-invertido-1.png","width":482,"height":83,"caption":"UENF - Universidade Estadual do Norte Fluminense Darcy Ribeiro"},"image":{"@id":"https:\/\/portal1.uenf.br\/portal\/#\/schema\/logo\/image\/"}}]}},"_links":{"self":[{"href":"https:\/\/portal1.uenf.br\/portal\/wp-json\/wp\/v2\/pages\/3248","targetHints":{"allow":["GET"]}}],"collection":[{"href":"https:\/\/portal1.uenf.br\/portal\/wp-json\/wp\/v2\/pages"}],"about":[{"href":"https:\/\/portal1.uenf.br\/portal\/wp-json\/wp\/v2\/types\/page"}],"author":[{"embeddable":true,"href":"https:\/\/portal1.uenf.br\/portal\/wp-json\/wp\/v2\/users\/1"}],"replies":[{"embeddable":true,"href":"https:\/\/portal1.uenf.br\/portal\/wp-json\/wp\/v2\/comments?post=3248"}],"version-history":[{"count":0,"href":"https:\/\/portal1.uenf.br\/portal\/wp-json\/wp\/v2\/pages\/3248\/revisions"}],"up":[{"embeddable":true,"href":"https:\/\/portal1.uenf.br\/portal\/wp-json\/wp\/v2\/pages\/3247"}],"wp:attachment":[{"href":"https:\/\/portal1.uenf.br\/portal\/wp-json\/wp\/v2\/media?parent=3248"}],"curies":[{"name":"wp","href":"https:\/\/api.w.org\/{rel}","templated":true}]}}